{"id":740,"date":"2025-11-17T12:54:14","date_gmt":"2025-11-17T12:54:14","guid":{"rendered":"https:\/\/fm-connect1.fortmindz.in\/Trivuma-wp\/?page_id=740"},"modified":"2025-11-17T12:54:15","modified_gmt":"2025-11-17T12:54:15","slug":"termes-conditions","status":"publish","type":"page","link":"https:\/\/fm-connect1.fortmindz.in\/Trivuma-wp\/fr\/termes-conditions\/","title":{"rendered":"Termes &#038; Conditions"},"content":{"rendered":"\n<div class=\"wp-block-uagb-container uagb-block-0a6827d3 alignfull uagb-is-root-container\"><div class=\"uagb-container-inner-blocks-wrap\">\n<div class=\"wp-block-uagb-container uagb-block-454093c6\">\n<div class=\"wp-block-uagb-advanced-heading uagb-block-f41f9d65\"><h1 class=\"uagb-heading-text\">Termes &#038; Conditions<\/h1><\/div>\n\n\n\n<div class=\"wp-block-uagb-advanced-heading uagb-block-411cd19d\"><p class=\"uagb-heading-text\">De IA strat\u00e9gie d&#8217;automatisation et d&#8217;applications personnalis\u00e9es, nous pouvons concevoir et<br> construire des solutions qui transforment les entreprises.<\/p><\/div>\n<\/div>\n<\/div><\/div>\n\n\n\n<div class=\"wp-block-uagb-container uagb-block-47c59c54 alignfull uagb-is-root-container\"><div class=\"uagb-container-inner-blocks-wrap\">\n<p style=\"margin-top:5px;margin-bottom:5px;font-size:clamp(14px, 0.875rem + ((1vw - 3.2px) * 0.196), 16px);line-height:2\">Ci-dessous est un projet de <strong>Termes &amp; Conditions<\/strong> pour <strong>Trivuma<\/strong> (la \u201cSoci\u00e9t\u00e9\u201d, \u201cnous\u201d, \u201cnotre\u201d ou \u201cnous\u201d). Veuillez consulter votre conseiller juridique et de s&#8217;adapter \u00e0 vos pratiques sp\u00e9cifiques, des services, de la r\u00e9gion et les exigences r\u00e9glementaires.<\/p>\n\n\n\n<hr class=\"wp-block-separator has-alpha-channel-opacity\"\/>\n\n\n\n<h3 class=\"wp-block-heading\" style=\"margin-top:5px;margin-bottom:5px\"><strong>1. Acceptation des Conditions<\/strong><\/h3>\n\n\n\n<p style=\"margin-top:5px;margin-bottom:5px;font-size:clamp(14px, 0.875rem + ((1vw - 3.2px) * 0.196), 16px);line-height:2\">En acc\u00e9dant ou en utilisant notre site web et les services offerts par le biais de notre site (les \u201cServices\u201d), vous acceptez d&#8217;\u00eatre li\u00e9 par ces Termes et Conditions (les \u201cConditions\u201d). Si vous n&#8217;\u00eates pas d&#8217;accord avec une partie quelconque de ces Conditions, vous ne devez pas utiliser nos Services.<\/p>\n\n\n\n<h3 class=\"wp-block-heading\" style=\"margin-top:5px;margin-bottom:5px\"><strong>2. Description Des Services<\/strong><\/h3>\n\n\n\n<p style=\"margin-top:5px;margin-bottom:5px;font-size:clamp(14px, 0.875rem + ((1vw - 3.2px) * 0.196), 16px);line-height:2\">Nous fournissons des IA-strat\u00e9gie, d&#8217;automatisation, d&#8217;applications personnalis\u00e9es, de consultation et d&#8217;autres services connexes. Vous reconnaissez que le champ d&#8217;application, les r\u00e9sultats attendus, le calendrier, le prix et les autres caract\u00e9ristiques de tout engagement sp\u00e9cifique sera pr\u00e9vue dans une entente distincte ou de d\u00e9claration de travaux (\u201cTRUIE\u201d) entre vous et nous.<\/p>\n\n\n\n<h3 class=\"wp-block-heading\" style=\"margin-top:5px;margin-bottom:5px\"><strong>3. Obligations De L&#8217;Utilisateur<\/strong><\/h3>\n\n\n\n<ul style=\"margin-top:5px;margin-bottom:5px;font-size:clamp(14px, 0.875rem + ((1vw - 3.2px) * 0.196), 16px);line-height:2\" class=\"wp-block-list\">\n<li>Vous vous engagez \u00e0 fournir des informations exactes, \u00e0 jour et complets les renseignements requis.<\/li>\n\n\n\n<li>Vous acceptez d&#8217;utiliser les Services uniquement \u00e0 des fins l\u00e9gales et conform\u00e9ment aux pr\u00e9sentes Conditions.<\/li>\n\n\n\n<li>Vous ne devez pas mauvaise utilisation des Services (par exemple, en interf\u00e9rant avec ou nuire \u00e0 la de Services ou d&#8217;y acc\u00e9der de fa\u00e7on non autoris\u00e9e).<\/li>\n\n\n\n<li>Vous \u00eates responsable de maintenir la confidentialit\u00e9 de toutes les informations d&#8217;identification de compte ou de tout acc\u00e8s qui vous permettra \u00e0 votre compte.<\/li>\n<\/ul>\n\n\n\n<h3 class=\"wp-block-heading\" style=\"margin-top:5px;margin-bottom:5px\"><strong>4. De La Propri\u00e9t\u00e9 Intellectuelle<\/strong><\/h3>\n\n\n\n<ul style=\"margin-top:5px;margin-bottom:5px;font-size:clamp(14px, 0.875rem + ((1vw - 3.2px) * 0.196), 16px);line-height:2\" class=\"wp-block-list\">\n<li>L&#8217;ensemble du contenu, du mat\u00e9riel, des logiciels, des dessins, des textes, des images, des graphiques, des logos, des donn\u00e9es et de la technologie d&#8217;origine fourni par nous (la \u201cSoci\u00e9t\u00e9 &#8216; Contenu\u201d) sont la propri\u00e9t\u00e9 ou sous licence de la Soci\u00e9t\u00e9 et restent notre propri\u00e9t\u00e9.<\/li>\n\n\n\n<li>Il vous est accord\u00e9 un droit non-exclusif, non-transf\u00e9rable, r\u00e9vocable d&#8217;utiliser les Mat\u00e9riaux de la Soci\u00e9t\u00e9 uniquement en connexion avec les Services convenus.<\/li>\n\n\n\n<li>Vous ne pouvez pas copier, modifier, distribuer, afficher publiquement, de cr\u00e9er des \u0153uvres d\u00e9riv\u00e9es de, ou exploiter de quelque mani\u00e8re la documentation de l&#8217;Entreprise (sans notre autorisation \u00e9crite).<\/li>\n\n\n\n<li>Vous conservez la propri\u00e9t\u00e9 de votre pr\u00e9-existantes de mat\u00e9riaux et de donn\u00e9es; vous nous accordez une licence d&#8217;utilisation de vos donn\u00e9es que n\u00e9cessaire pour fournir les Services (sous r\u00e9serve des obligations de confidentialit\u00e9 d\u00e9crite ci-dessous).<\/li>\n<\/ul>\n\n\n\n<h3 class=\"wp-block-heading\" style=\"margin-top:5px;margin-bottom:5px\"><strong>5. Confidentialit\u00e9 et Protection des Donn\u00e9es<\/strong><\/h3>\n\n\n\n<p style=\"margin-top:5px;margin-bottom:5px;font-size:clamp(14px, 0.875rem + ((1vw - 3.2px) * 0.196), 16px);line-height:2\">Votre pr\u00e9sentation des donn\u00e9es \u00e0 caract\u00e8re personnel par le biais des Services est r\u00e9gie par notre Politique de Confidentialit\u00e9. Veuillez le lire attentivement afin de comprendre nos pratiques.<\/p>\n\n\n\n<h3 class=\"wp-block-heading\" style=\"margin-top:5px;margin-bottom:5px\"><strong>6. Frais et Conditions de Paiement<\/strong><\/h3>\n\n\n\n<ul style=\"margin-top:5px;margin-bottom:5px;font-size:clamp(14px, 0.875rem + ((1vw - 3.2px) * 0.196), 16px);line-height:2\" class=\"wp-block-list\">\n<li>Sauf accord contraire une TRUIE ou d&#8217;un contrat, vous devrez payer les frais pour les Services \u00e9nonc\u00e9s dans l&#8217;accord pertinent.<\/li>\n\n\n\n<li>Le paiement doit \u00eatre effectu\u00e9 dans le d\u00e9lai prescrit; nous pouvons suspendre ou r\u00e9silier les Services pour non-paiement.<\/li>\n\n\n\n<li>Tous les tarifs sont hors taxes et droits de douane, qui seront \u00e0 votre charge, sauf indication contraire.<\/li>\n<\/ul>\n\n\n\n<h3 class=\"wp-block-heading\" style=\"margin-top:5px;margin-bottom:5px\"><strong>7. Dur\u00e9e et R\u00e9siliation<\/strong><\/h3>\n\n\n\n<ul style=\"margin-top:5px;margin-bottom:5px;font-size:clamp(14px, 0.875rem + ((1vw - 3.2px) * 0.196), 16px);line-height:2\" class=\"wp-block-list\">\n<li>La Dur\u00e9e de chaque Service de l&#8217;engagement doivent \u00eatre \u00e9nonc\u00e9es dans l&#8217;\u00e9nonc\u00e9 ou de l&#8217;accord.<\/li>\n\n\n\n<li>Chaque partie peut r\u00e9silier le contrat pour manquement par l&#8217;autre, si l&#8217;infraction n&#8217;est pas corrig\u00e9e dans un d\u00e9lai de pr\u00e9avis.<\/li>\n\n\n\n<li>En cas de r\u00e9siliation, vous devrez payer toutes les sommes dues pour les Services rendus jusqu&#8217;\u00e0 la date de r\u00e9siliation. Nous pouvons suspendre l&#8217;acc\u00e8s aux Services et \u00e0 retenir des r\u00e9sultats jusqu&#8217;\u00e0 ce que le paiement est effectu\u00e9.<\/li>\n<\/ul>\n\n\n\n<h3 class=\"wp-block-heading\" style=\"margin-top:5px;margin-bottom:5px\"><strong>8. Exclusion de Garantie<\/strong><\/h3>\n\n\n\n<ul style=\"margin-top:5px;margin-bottom:5px;font-size:clamp(14px, 0.875rem + ((1vw - 3.2px) * 0.196), 16px);line-height:2\" class=\"wp-block-list\">\n<li>Les Services sont fournis \u201ctels quels\u201d et \u201ctels que disponibles\u201d, et nous d\u00e9clinons toute garantie, expresse ou implicite, y compris mais non limit\u00e9 aux garanties de qualit\u00e9 marchande, d&#8217;ad\u00e9quation \u00e0 un usage particulier, de titre et de non-contrefa\u00e7on.<\/li>\n\n\n\n<li>Nous ne garantissons pas que le service sera ininterrompu, exempt d&#8217;erreur, ou de la s\u00e9curit\u00e9.<\/li>\n\n\n\n<li>Nous ne garantissons pas sp\u00e9cifiques de l&#8217;entreprise ou r\u00e9sultats.<\/li>\n<\/ul>\n\n\n\n<h3 class=\"wp-block-heading\" style=\"margin-top:5px;margin-bottom:5px\"><strong>9. Limitation de Responsabilit\u00e9<\/strong><\/h3>\n\n\n\n<ul style=\"margin-top:5px;margin-bottom:5px;font-size:clamp(14px, 0.875rem + ((1vw - 3.2px) * 0.196), 16px);line-height:2\" class=\"wp-block-list\">\n<li>Dans la mesure maximale permise par la loi, notre responsabilit\u00e9 totale envers vous pour toutes les r\u00e9clamations en vertu de ou en relation avec ces Conditions, que ce soit dans un contrat, un d\u00e9lit (y compris la n\u00e9gligence) ou autre, ne saurait exc\u00e9der le montant que vous avez pay\u00e9 pour nous dans le cadre de la participation au cours de la p\u00e9riode de douze (12) mois pr\u00e9c\u00e9dant la demande.<\/li>\n\n\n\n<li>En aucun cas nous ne pouvons \u00eatre tenu responsable des dommages indirects, accessoires, sp\u00e9ciaux, cons\u00e9cutifs ou punitifs, y compris la perte de profits, interruption d&#8217;activit\u00e9 ou la perte de donn\u00e9es.<\/li>\n<\/ul>\n\n\n\n<h3 class=\"wp-block-heading\" style=\"margin-top:5px;margin-bottom:5px\"><strong>10. Confidentialit\u00e9<\/strong><\/h3>\n\n\n\n<ul style=\"margin-top:5px;margin-bottom:5px;font-size:clamp(14px, 0.875rem + ((1vw - 3.2px) * 0.196), 16px);line-height:2\" class=\"wp-block-list\">\n<li>Pendant la dur\u00e9e de l&#8217;engagement et pour une p\u00e9riode de [insert period, e.g., 2 years] par la suite, chaque partie doit respecter la confidentialit\u00e9 de toute information confidentielle de l&#8217;autre partie.<\/li>\n\n\n\n<li>Les informations confidentielles n&#8217;incluent pas l&#8217;information qui est ou devient connu du public sans faute de la partie qui les re\u00e7oit.<\/li>\n\n\n\n<li>La partie destinataire peut divulguer des informations confidentielles \u00e0 ses employ\u00e9s, agents ou sous-traitants, le cas \u00e9ch\u00e9ant, pour les Services, \u00e0 condition qu&#8217;ils soient li\u00e9s par des obligations de confidentialit\u00e9 similaires.<\/li>\n<\/ul>\n\n\n\n<h3 class=\"wp-block-heading\" style=\"margin-top:5px;margin-bottom:5px\"><strong>11. Liens vers des tiers et Services de<\/strong><\/h3>\n\n\n\n<p style=\"margin-top:5px;margin-bottom:5px;font-size:clamp(14px, 0.875rem + ((1vw - 3.2px) * 0.196), 16px);line-height:2\">Notre site peut inclure des liens vers des sites web de tiers ou des services qui ne sont pas contr\u00f4l\u00e9s ou exploit\u00e9s par nous. Nous ne sommes pas responsables et ne font aucune d\u00e9claration \u00e0 propos de ces sites tiers. Votre acc\u00e8s \u00e0 vos propres risques.<\/p>\n\n\n\n<h3 class=\"wp-block-heading\" style=\"margin-top:5px;margin-bottom:5px\"><strong>12. Droit applicable et r\u00e8glement des Diff\u00e9rends<\/strong><\/h3>\n\n\n\n<p style=\"margin-top:5px;margin-bottom:5px;font-size:clamp(14px, 0.875rem + ((1vw - 3.2px) * 0.196), 16px);line-height:2\">Ces Conditions d&#8217;utilisation seront r\u00e9gies par et interpr\u00e9t\u00e9es conform\u00e9ment aux lois de l&#8217; [insert jurisdiction, e.g., the State of [State], le Pays d&#8217; [Country]]. Tout litige d\u00e9coulant de ou li\u00e9e \u00e0 ces Conditions sera soumis \u00e0 la comp\u00e9tence exclusive des tribunaux de la [insert jurisdiction].<\/p>\n\n\n\n<h3 class=\"wp-block-heading\" style=\"margin-top:5px;margin-bottom:5px\"><strong>13. Modifications des Conditions<\/strong><\/h3>\n\n\n\n<p style=\"margin-top:5px;margin-bottom:5px;font-size:clamp(14px, 0.875rem + ((1vw - 3.2px) * 0.196), 16px);line-height:2\">Nous nous r\u00e9servons le droit de modifier ou de r\u00e9viser ces Conditions \u00e0 tout moment. Nous publierons des mises \u00e0 jour sur notre site et d&#8217;indiquer la date de la derni\u00e8re r\u00e9vision. Votre utilisation continue des Services apr\u00e8s que les modifications constitue une acceptation de ces changements.<\/p>\n\n\n\n<h3 class=\"wp-block-heading\" style=\"margin-top:5px;margin-bottom:5px\"><strong>14. Int\u00e9gralit\u00e9 De L&#8217;Accord<\/strong><\/h3>\n\n\n\n<p style=\"margin-top:5px;margin-bottom:5px;font-size:clamp(14px, 0.875rem + ((1vw - 3.2px) * 0.196), 16px);line-height:2\">Ces Termes, ainsi que, le cas \u00e9ch\u00e9ant SEMER ou de l&#8217;accord entre vous et nous, constituent l&#8217;int\u00e9gralit\u00e9 de l&#8217;accord entre vous et nous en ce qui concerne les Services et remplacent tous les accords ant\u00e9rieurs ou contemporains, les communications et propositions (qu&#8217;elles soient orales, \u00e9crites ou \u00e9lectroniques).<\/p>\n\n\n\n<h3 class=\"wp-block-heading\" style=\"margin-top:5px;margin-bottom:5px\"><strong>15. Divisibilit\u00e9<\/strong><\/h3>\n\n\n\n<p style=\"margin-top:5px;margin-bottom:5px;font-size:clamp(14px, 0.875rem + ((1vw - 3.2px) * 0.196), 16px);line-height:2\">Si une quelconque disposition de ces Conditions est jug\u00e9e invalide ou inapplicable en vertu du droit applicable, cette disposition sera modifi\u00e9e et interpr\u00e9t\u00e9e de r\u00e9aliser les objectifs de cette disposition dans la mesure du possible et les autres dispositions resteront en vigueur et de plein effet.<\/p>\n\n\n\n<h3 class=\"wp-block-heading\" style=\"margin-top:5px;margin-bottom:5px\"><strong>16. Renonciation<\/strong><\/h3>\n\n\n\n<p style=\"margin-top:5px;margin-bottom:5px;font-size:clamp(14px, 0.875rem + ((1vw - 3.2px) * 0.196), 16px);line-height:2\">Aucune renonciation de notre part tout droit en vertu de ces Conditions ne sera effective que par \u00e9crit et sign\u00e9 par nous. Notre \u00e9chec \u00e0 l&#8217;exercice d&#8217;un droit ou d&#8217;appliquer toute disposition de ces Conditions ne peut \u00eatre interpr\u00e9t\u00e9 comme une renonciation \u00e0 ce droit ou tout autre droit.<\/p>\n\n\n\n<hr class=\"wp-block-separator has-alpha-channel-opacity\"\/>\n\n\n\n<p style=\"margin-top:5px;margin-bottom:5px;font-size:clamp(14px, 0.875rem + ((1vw - 3.2px) * 0.196), 16px);line-height:2\"><strong>Derni\u00e8re mise \u00e0 jour:<\/strong> [insert date]<\/p>\n\n\n\n<hr class=\"wp-block-separator has-alpha-channel-opacity\"\/>\n\n\n\n<p style=\"margin-top:5px;margin-bottom:5px;font-size:clamp(14px, 0.875rem + ((1vw - 3.2px) * 0.196), 16px);line-height:2\">Si vous le souhaitez, je peux g\u00e9n\u00e9rer une version adapt\u00e9e de la loi Indienne (comme la consommation de la r\u00e9glementation sur la protection de l&#8217;Inde) ou d&#8217;inclure des clauses s\u00e9par\u00e9es en ligne num\u00e9rique de services, la politique de remboursement, de niveau de service les engagements. D\u00e9sirez-vous de moi?<\/p>\n<\/div><\/div>\n","protected":false},"excerpt":{"rendered":"<p>Termes &#038; Conditions De IA strat\u00e9gie d&#8217;automatisation et d&#8217;applications personnalis\u00e9es, nous pouvons concevoir et construire des solutions qui transforment les entreprises. Ci-dessous est un projet de Termes &amp; Conditions pour Trivuma (la \u201cSoci\u00e9t\u00e9\u201d, \u201cnous\u201d, \u201cnotre\u201d ou \u201cnous\u201d). Veuillez consulter votre conseiller juridique et de s&#8217;adapter \u00e0 vos pratiques sp\u00e9cifiques, des services, de la r\u00e9gion et [&hellip;]<\/p>\n","protected":false},"author":1,"featured_media":0,"parent":0,"menu_order":0,"comment_status":"closed","ping_status":"closed","template":"","meta":{"_acf_changed":false,"_uag_custom_page_level_css":"","footnotes":""},"class_list":["post-740","page","type-page","status-publish","hentry"],"acf":[],"uagb_featured_image_src":{"full":false,"thumbnail":false,"medium":false,"medium_large":false,"large":false,"1536x1536":false,"2048x2048":false},"uagb_author_info":{"display_name":"trivuma","author_link":"https:\/\/fm-connect1.fortmindz.in\/Trivuma-wp\/author\/trivuma\/"},"uagb_comment_info":0,"uagb_excerpt":"Termes &#038; Conditions De IA strat\u00e9gie d&#8217;automatisation et d&#8217;applications personnalis\u00e9es, nous pouvons concevoir et construire des solutions qui transforment les entreprises. Ci-dessous est un projet de Termes &amp; Conditions pour Trivuma (la \u201cSoci\u00e9t\u00e9\u201d, \u201cnous\u201d, \u201cnotre\u201d ou \u201cnous\u201d). Veuillez consulter votre conseiller juridique et de s&#8217;adapter \u00e0 vos pratiques sp\u00e9cifiques, des services, de la r\u00e9gion et&hellip;","_links":{"self":[{"href":"https:\/\/fm-connect1.fortmindz.in\/Trivuma-wp\/wp-json\/wp\/v2\/pages\/740","targetHints":{"allow":["GET"]}}],"collection":[{"href":"https:\/\/fm-connect1.fortmindz.in\/Trivuma-wp\/wp-json\/wp\/v2\/pages"}],"about":[{"href":"https:\/\/fm-connect1.fortmindz.in\/Trivuma-wp\/wp-json\/wp\/v2\/types\/page"}],"author":[{"embeddable":true,"href":"https:\/\/fm-connect1.fortmindz.in\/Trivuma-wp\/wp-json\/wp\/v2\/users\/1"}],"replies":[{"embeddable":true,"href":"https:\/\/fm-connect1.fortmindz.in\/Trivuma-wp\/wp-json\/wp\/v2\/comments?post=740"}],"version-history":[{"count":1,"href":"https:\/\/fm-connect1.fortmindz.in\/Trivuma-wp\/wp-json\/wp\/v2\/pages\/740\/revisions"}],"predecessor-version":[{"id":741,"href":"https:\/\/fm-connect1.fortmindz.in\/Trivuma-wp\/wp-json\/wp\/v2\/pages\/740\/revisions\/741"}],"wp:attachment":[{"href":"https:\/\/fm-connect1.fortmindz.in\/Trivuma-wp\/wp-json\/wp\/v2\/media?parent=740"}],"curies":[{"name":"wp","href":"https:\/\/api.w.org\/{rel}","templated":true}]}}