{"id":149,"date":"2025-08-06T07:13:52","date_gmt":"2025-08-06T07:13:52","guid":{"rendered":"https:\/\/fm-connect1.fortmindz.in\/wp-baobabstore\/?post_type=product&#038;p=149"},"modified":"2025-08-19T11:29:24","modified_gmt":"2025-08-19T11:29:24","slug":"royco-mchuzi-mix-beef","status":"publish","type":"product","link":"https:\/\/fm-connect1.fortmindz.in\/wp-baobabstore\/produit\/royco-mchuzi-mix-beef\/","title":{"rendered":"M\u00e9lange de b\u0153uf Royco Mchuzi"},"content":{"rendered":"","protected":false},"excerpt":{"rendered":"<p>Un m\u00e9lange savoureux et aromatique, id\u00e9al pour les rago\u00fbts, le riz et les plats du quotidien. Le curry Tayeb combine des \u00e9pices de premi\u00e8re qualit\u00e9 pour une saveur authentique.<\/p>\n","protected":false},"featured_media":150,"comment_status":"open","ping_status":"closed","template":"","meta":{"_acf_changed":false},"product_brand":[28],"product_cat":[19,22],"product_tag":[],"class_list":{"0":"post-149","1":"product","2":"type-product","3":"status-publish","4":"has-post-thumbnail","6":"product_brand-royco","7":"product_cat-juice","8":"product_cat-vegetables","10":"first","11":"instock","12":"sale","13":"shipping-taxable","14":"purchasable","15":"product-type-simple"},"acf":[],"_links":{"self":[{"href":"https:\/\/fm-connect1.fortmindz.in\/wp-baobabstore\/wp-json\/wp\/v2\/product\/149","targetHints":{"allow":["GET"]}}],"collection":[{"href":"https:\/\/fm-connect1.fortmindz.in\/wp-baobabstore\/wp-json\/wp\/v2\/product"}],"about":[{"href":"https:\/\/fm-connect1.fortmindz.in\/wp-baobabstore\/wp-json\/wp\/v2\/types\/product"}],"replies":[{"embeddable":true,"href":"https:\/\/fm-connect1.fortmindz.in\/wp-baobabstore\/wp-json\/wp\/v2\/comments?post=149"}],"wp:featuredmedia":[{"embeddable":true,"href":"https:\/\/fm-connect1.fortmindz.in\/wp-baobabstore\/wp-json\/wp\/v2\/media\/150"}],"wp:attachment":[{"href":"https:\/\/fm-connect1.fortmindz.in\/wp-baobabstore\/wp-json\/wp\/v2\/media?parent=149"}],"wp:term":[{"taxonomy":"product_brand","embeddable":true,"href":"https:\/\/fm-connect1.fortmindz.in\/wp-baobabstore\/wp-json\/wp\/v2\/product_brand?post=149"},{"taxonomy":"product_cat","embeddable":true,"href":"https:\/\/fm-connect1.fortmindz.in\/wp-baobabstore\/wp-json\/wp\/v2\/product_cat?post=149"},{"taxonomy":"product_tag","embeddable":true,"href":"https:\/\/fm-connect1.fortmindz.in\/wp-baobabstore\/wp-json\/wp\/v2\/product_tag?post=149"}],"curies":[{"name":"wp","href":"https:\/\/api.w.org\/{rel}","templated":true}]}}