{"id":158,"date":"2025-08-06T09:22:38","date_gmt":"2025-08-06T09:22:38","guid":{"rendered":"https:\/\/fm-connect1.fortmindz.in\/wp-baobabstore\/?post_type=product&#038;p=158"},"modified":"2025-08-20T05:04:45","modified_gmt":"2025-08-20T05:04:45","slug":"tayeb-sirop-grenadine-syrup-750ml","status":"publish","type":"product","link":"https:\/\/fm-connect1.fortmindz.in\/wp-baobabstore\/produit\/tayeb-sirop-grenadine-syrup-750ml\/","title":{"rendered":"Sirop de grenadine Tayeb 750 ml"},"content":{"rendered":"","protected":false},"excerpt":{"rendered":"<p>Un m\u00e9lange savoureux et aromatique, id\u00e9al pour les rago\u00fbts, le riz et les plats du quotidien. Le curry Tayeb combine des \u00e9pices de premi\u00e8re qualit\u00e9 pour une saveur authentique.<\/p>\n","protected":false},"featured_media":184,"comment_status":"open","ping_status":"closed","template":"","meta":{"_acf_changed":false},"product_brand":[26],"product_cat":[19],"product_tag":[],"class_list":{"0":"post-158","1":"product","2":"type-product","3":"status-publish","4":"has-post-thumbnail","6":"product_brand-tayeb-curry","7":"product_cat-juice","9":"first","10":"instock","11":"sale","12":"shipping-taxable","13":"purchasable","14":"product-type-simple"},"acf":[],"_links":{"self":[{"href":"https:\/\/fm-connect1.fortmindz.in\/wp-baobabstore\/wp-json\/wp\/v2\/product\/158","targetHints":{"allow":["GET"]}}],"collection":[{"href":"https:\/\/fm-connect1.fortmindz.in\/wp-baobabstore\/wp-json\/wp\/v2\/product"}],"about":[{"href":"https:\/\/fm-connect1.fortmindz.in\/wp-baobabstore\/wp-json\/wp\/v2\/types\/product"}],"replies":[{"embeddable":true,"href":"https:\/\/fm-connect1.fortmindz.in\/wp-baobabstore\/wp-json\/wp\/v2\/comments?post=158"}],"wp:featuredmedia":[{"embeddable":true,"href":"https:\/\/fm-connect1.fortmindz.in\/wp-baobabstore\/wp-json\/wp\/v2\/media\/184"}],"wp:attachment":[{"href":"https:\/\/fm-connect1.fortmindz.in\/wp-baobabstore\/wp-json\/wp\/v2\/media?parent=158"}],"wp:term":[{"taxonomy":"product_brand","embeddable":true,"href":"https:\/\/fm-connect1.fortmindz.in\/wp-baobabstore\/wp-json\/wp\/v2\/product_brand?post=158"},{"taxonomy":"product_cat","embeddable":true,"href":"https:\/\/fm-connect1.fortmindz.in\/wp-baobabstore\/wp-json\/wp\/v2\/product_cat?post=158"},{"taxonomy":"product_tag","embeddable":true,"href":"https:\/\/fm-connect1.fortmindz.in\/wp-baobabstore\/wp-json\/wp\/v2\/product_tag?post=158"}],"curies":[{"name":"wp","href":"https:\/\/api.w.org\/{rel}","templated":true}]}}