{"id":271,"date":"2025-08-08T13:26:51","date_gmt":"2025-08-08T13:26:51","guid":{"rendered":"https:\/\/fm-connect1.fortmindz.in\/wp-baobabstore\/?post_type=product&#038;p=271"},"modified":"2025-08-20T09:16:47","modified_gmt":"2025-08-20T09:16:47","slug":"juver-jus-tropical-juice","status":"publish","type":"product","link":"https:\/\/fm-connect1.fortmindz.in\/wp-baobabstore\/produit\/juver-jus-tropical-juice\/","title":{"rendered":"Jus tropical Juver Jus"},"content":{"rendered":"","protected":false},"excerpt":{"rendered":"<p>Un m\u00e9lange savoureux et aromatique, id\u00e9al pour les rago\u00fbts, le riz et les plats du quotidien. Le curry Tayeb combine des \u00e9pices de premi\u00e8re qualit\u00e9 pour une saveur authentique.<\/p>\n","protected":false},"featured_media":272,"comment_status":"open","ping_status":"closed","template":"","meta":{"_acf_changed":false},"product_brand":[],"product_cat":[21],"product_tag":[],"class_list":{"0":"post-271","1":"product","2":"type-product","3":"status-publish","4":"has-post-thumbnail","6":"product_cat-fruits","8":"first","9":"instock","10":"sale","11":"shipping-taxable","12":"purchasable","13":"product-type-simple"},"acf":[],"_links":{"self":[{"href":"https:\/\/fm-connect1.fortmindz.in\/wp-baobabstore\/wp-json\/wp\/v2\/product\/271","targetHints":{"allow":["GET"]}}],"collection":[{"href":"https:\/\/fm-connect1.fortmindz.in\/wp-baobabstore\/wp-json\/wp\/v2\/product"}],"about":[{"href":"https:\/\/fm-connect1.fortmindz.in\/wp-baobabstore\/wp-json\/wp\/v2\/types\/product"}],"replies":[{"embeddable":true,"href":"https:\/\/fm-connect1.fortmindz.in\/wp-baobabstore\/wp-json\/wp\/v2\/comments?post=271"}],"wp:featuredmedia":[{"embeddable":true,"href":"https:\/\/fm-connect1.fortmindz.in\/wp-baobabstore\/wp-json\/wp\/v2\/media\/272"}],"wp:attachment":[{"href":"https:\/\/fm-connect1.fortmindz.in\/wp-baobabstore\/wp-json\/wp\/v2\/media?parent=271"}],"wp:term":[{"taxonomy":"product_brand","embeddable":true,"href":"https:\/\/fm-connect1.fortmindz.in\/wp-baobabstore\/wp-json\/wp\/v2\/product_brand?post=271"},{"taxonomy":"product_cat","embeddable":true,"href":"https:\/\/fm-connect1.fortmindz.in\/wp-baobabstore\/wp-json\/wp\/v2\/product_cat?post=271"},{"taxonomy":"product_tag","embeddable":true,"href":"https:\/\/fm-connect1.fortmindz.in\/wp-baobabstore\/wp-json\/wp\/v2\/product_tag?post=271"}],"curies":[{"name":"wp","href":"https:\/\/api.w.org\/{rel}","templated":true}]}}