{"id":356,"date":"2025-08-12T06:58:02","date_gmt":"2025-08-12T06:58:02","guid":{"rendered":"https:\/\/fm-connect1.fortmindz.in\/wp-baobabstore\/?post_type=product&#038;p=356"},"modified":"2025-08-20T05:20:37","modified_gmt":"2025-08-20T05:20:37","slug":"jus-juver-10-fruits","status":"publish","type":"product","link":"https:\/\/fm-connect1.fortmindz.in\/wp-baobabstore\/produit\/jus-juver-10-fruits\/","title":{"rendered":"Jus Juver 10 Fruits"},"content":{"rendered":"","protected":false},"excerpt":{"rendered":"<p>Un m\u00e9lange savoureux et aromatique, id\u00e9al pour les rago\u00fbts, le riz et les plats du quotidien. Le curry Tayeb combine des \u00e9pices de premi\u00e8re qualit\u00e9 pour une saveur authentique.<\/p>\n","protected":false},"featured_media":135,"comment_status":"open","ping_status":"closed","template":"","meta":{"_acf_changed":false},"product_brand":[],"product_cat":[21],"product_tag":[],"class_list":{"0":"post-356","1":"product","2":"type-product","3":"status-publish","4":"has-post-thumbnail","6":"product_cat-fruits","8":"first","9":"instock","10":"shipping-taxable","11":"purchasable","12":"product-type-simple"},"acf":[],"_links":{"self":[{"href":"https:\/\/fm-connect1.fortmindz.in\/wp-baobabstore\/wp-json\/wp\/v2\/product\/356","targetHints":{"allow":["GET"]}}],"collection":[{"href":"https:\/\/fm-connect1.fortmindz.in\/wp-baobabstore\/wp-json\/wp\/v2\/product"}],"about":[{"href":"https:\/\/fm-connect1.fortmindz.in\/wp-baobabstore\/wp-json\/wp\/v2\/types\/product"}],"replies":[{"embeddable":true,"href":"https:\/\/fm-connect1.fortmindz.in\/wp-baobabstore\/wp-json\/wp\/v2\/comments?post=356"}],"wp:featuredmedia":[{"embeddable":true,"href":"https:\/\/fm-connect1.fortmindz.in\/wp-baobabstore\/wp-json\/wp\/v2\/media\/135"}],"wp:attachment":[{"href":"https:\/\/fm-connect1.fortmindz.in\/wp-baobabstore\/wp-json\/wp\/v2\/media?parent=356"}],"wp:term":[{"taxonomy":"product_brand","embeddable":true,"href":"https:\/\/fm-connect1.fortmindz.in\/wp-baobabstore\/wp-json\/wp\/v2\/product_brand?post=356"},{"taxonomy":"product_cat","embeddable":true,"href":"https:\/\/fm-connect1.fortmindz.in\/wp-baobabstore\/wp-json\/wp\/v2\/product_cat?post=356"},{"taxonomy":"product_tag","embeddable":true,"href":"https:\/\/fm-connect1.fortmindz.in\/wp-baobabstore\/wp-json\/wp\/v2\/product_tag?post=356"}],"curies":[{"name":"wp","href":"https:\/\/api.w.org\/{rel}","templated":true}]}}